{"id":1039,"date":"2023-11-12T20:19:00","date_gmt":"2023-11-12T20:19:00","guid":{"rendered":"https:\/\/nebfeupicbas.pt\/?page_id=1039"},"modified":"2023-12-09T21:12:18","modified_gmt":"2023-12-09T21:12:18","slug":"bionow","status":"publish","type":"page","link":"https:\/\/nebfeupicbas.pt\/?page_id=1039","title":{"rendered":"BioNOW!"},"content":{"rendered":"\t\t<div data-elementor-type=\"wp-page\" data-elementor-id=\"1039\" class=\"elementor elementor-1039\">\n\t\t\t\t\t\t<section class=\"elementor-section elementor-top-section elementor-element elementor-element-c7c8bed elementor-section-boxed elementor-section-height-default elementor-section-height-default\" data-id=\"c7c8bed\" data-element_type=\"section\">\n\t\t\t\t\t\t<div class=\"elementor-container elementor-column-gap-default\">\n\t\t\t\t\t<div class=\"elementor-column elementor-col-100 elementor-top-column elementor-element elementor-element-39d0f7e\" data-id=\"39d0f7e\" data-element_type=\"column\">\n\t\t\t<div class=\"elementor-widget-wrap elementor-element-populated\">\n\t\t\t\t\t\t<div class=\"elementor-element elementor-element-5a81f55 elementor-widget elementor-widget-image\" data-id=\"5a81f55\" data-element_type=\"widget\" data-widget_type=\"image.default\">\n\t\t\t\t<div class=\"elementor-widget-container\">\n\t\t\t\t\t\t\t\t\t\t\t\t\t\t\t<img fetchpriority=\"high\" decoding=\"async\" width=\"700\" height=\"252\" src=\"https:\/\/nebfeupicbas.pt\/wp-content\/uploads\/2021\/11\/bionowlogo-700x252.png\" class=\"attachment-large size-large wp-image-2153\" alt=\"\" srcset=\"https:\/\/nebfeupicbas.pt\/wp-content\/uploads\/2021\/11\/bionowlogo-700x252.png 700w, https:\/\/nebfeupicbas.pt\/wp-content\/uploads\/2021\/11\/bionowlogo-300x108.png 300w, https:\/\/nebfeupicbas.pt\/wp-content\/uploads\/2021\/11\/bionowlogo-768x277.png 768w, https:\/\/nebfeupicbas.pt\/wp-content\/uploads\/2021\/11\/bionowlogo.png 813w\" sizes=\"(max-width: 700px) 100vw, 700px\" \/>\t\t\t\t\t\t\t\t\t\t\t\t\t\t\t<\/div>\n\t\t\t\t<\/div>\n\t\t\t\t\t<\/div>\n\t\t<\/div>\n\t\t\t\t\t<\/div>\n\t\t<\/section>\n\t\t\t\t<section class=\"elementor-section elementor-top-section elementor-element elementor-element-9397f1b elementor-section-boxed elementor-section-height-default elementor-section-height-default\" data-id=\"9397f1b\" data-element_type=\"section\">\n\t\t\t\t\t\t<div class=\"elementor-container elementor-column-gap-default\">\n\t\t\t\t\t<div class=\"elementor-column elementor-col-100 elementor-top-column elementor-element elementor-element-f24399a\" data-id=\"f24399a\" data-element_type=\"column\">\n\t\t\t<div class=\"elementor-widget-wrap elementor-element-populated\">\n\t\t\t\t\t\t<div class=\"elementor-element elementor-element-9ae6c48 elementor-widget elementor-widget-text-editor\" data-id=\"9ae6c48\" data-element_type=\"widget\" data-widget_type=\"text-editor.default\">\n\t\t\t\t<div class=\"elementor-widget-container\">\n\t\t\t\t\t\t\t\t\t<p><span>Curioso acerca das mais recentes descobertas cient\u00edficas? Interessado em estudos inovadores e desafios emergentes na \u00e1rea da Bioengenharia? O NEB apresenta-te o BioNOW!\u00a0<\/span><\/p><p><span>Este projeto pretende promover a divulga\u00e7\u00e3o da ci\u00eancia. A cada duas semanas trazemos-te um novo artigo para que possas explorar novos temas cient\u00edficos e atualizar-te acerca das mais recentes teorias.<\/span><\/p>\t\t\t\t\t\t\t\t<\/div>\n\t\t\t\t<\/div>\n\t\t\t\t\t<\/div>\n\t\t<\/div>\n\t\t\t\t\t<\/div>\n\t\t<\/section>\n\t\t\t\t<section class=\"elementor-section elementor-top-section elementor-element elementor-element-044018b elementor-section-boxed elementor-section-height-default elementor-section-height-default\" data-id=\"044018b\" data-element_type=\"section\">\n\t\t\t\t\t\t<div class=\"elementor-container elementor-column-gap-default\">\n\t\t\t\t\t<div class=\"elementor-column elementor-col-100 elementor-top-column elementor-element elementor-element-ca5ef1e\" data-id=\"ca5ef1e\" data-element_type=\"column\">\n\t\t\t<div class=\"elementor-widget-wrap elementor-element-populated\">\n\t\t\t\t\t\t<div class=\"elementor-element elementor-element-a3a0ea5 elementor-widget elementor-widget-obfx-posts-grid\" data-id=\"a3a0ea5\" data-element_type=\"widget\" data-widget_type=\"obfx-posts-grid.default\">\n\t\t\t\t<div class=\"elementor-widget-container\">\n\t\t\t\t\t<div class=\"obfx-grid\"><div class=\"obfx-grid-container obfx-grid-mobile-1 obfx-grid-tablet-3 obfx-grid-desktop-3\"><div class=\"obfx-grid-wrapper\"><article class=\"obfx-grid-col\"><div class=\"obfx-grid-col-image\" style=\"\"><a href=\"https:\/\/nebfeupicbas.pt\/?p=3219\" title=\"BioNOW! #80 &#8211; Pelo sim, pelo n\u00e3o, vou tomar alguma coisa para tratar isto\u2026\"><img decoding=\"async\" width=\"3509\" height=\"4961\" src=\"https:\/\/nebfeupicbas.pt\/wp-content\/uploads\/2024\/06\/BioNow_Fa\u0301rmacos-2_azul.png\" class=\"img-responsive wp-post-image\" alt=\"BioNow_Fa\u0301rmacos 2_azul\" srcset=\"https:\/\/nebfeupicbas.pt\/wp-content\/uploads\/2024\/06\/BioNow_Fa\u0301rmacos-2_azul.png 3509w, https:\/\/nebfeupicbas.pt\/wp-content\/uploads\/2024\/06\/BioNow_Fa\u0301rmacos-2_azul-212x300.png 212w, https:\/\/nebfeupicbas.pt\/wp-content\/uploads\/2024\/06\/BioNow_Fa\u0301rmacos-2_azul-700x990.png 700w, https:\/\/nebfeupicbas.pt\/wp-content\/uploads\/2024\/06\/BioNow_Fa\u0301rmacos-2_azul-768x1086.png 768w, https:\/\/nebfeupicbas.pt\/wp-content\/uploads\/2024\/06\/BioNow_Fa\u0301rmacos-2_azul-1086x1536.png 1086w, https:\/\/nebfeupicbas.pt\/wp-content\/uploads\/2024\/06\/BioNow_Fa\u0301rmacos-2_azul-1449x2048.png 1449w\" sizes=\"(max-width: 3509px) 100vw, 3509px\" \/><\/a><\/div><div class=\"obfx-grid-col-content\">\t\t\t<h5 class=\"entry-title obfx-grid-title\">\n\t\t\t\t\t\t\t<a href=\"https:\/\/nebfeupicbas.pt\/?p=3219\" title=\"BioNOW! #80 &#8211; Pelo sim, pelo n\u00e3o, vou tomar alguma coisa para tratar isto\u2026\">\n\t\t\t\t\tBioNOW! #80 &#8211; Pelo sim, pelo n\u00e3o, vou tomar alguma coisa para tratar isto\u2026\t\t\t\t<\/a>\n\t\t\t\t\t\t\t<\/h5>\n\t\t\t\t\t\t\t<div class=\"entry-meta obfx-grid-meta\">\n\n\t\t\t\t\t\t\t\t\t\t\t\t\t<span class=\"obfx-grid-date\">\n\t\t\t\t\t\t\t\t\t<i class=\"fas fa-calendar\"><\/i>16 de Junho, 2024\t\t\t\t\t\t\t\t<\/span>\n\t\t\t\t\t\t\t\t\n\t\t\t\t<\/div>\n\t\t\t\t<\/div><\/article><\/div><div class=\"obfx-grid-wrapper\"><article class=\"obfx-grid-col\"><div class=\"obfx-grid-col-image\" style=\"\"><a href=\"https:\/\/nebfeupicbas.pt\/?p=3200\" title=\"BioNOW! #79 &#8211; Formigas e achadas\"><img decoding=\"async\" width=\"3509\" height=\"4961\" src=\"https:\/\/nebfeupicbas.pt\/wp-content\/uploads\/2024\/04\/Formiga_azul.png\" class=\"img-responsive wp-post-image\" alt=\"\" srcset=\"https:\/\/nebfeupicbas.pt\/wp-content\/uploads\/2024\/04\/Formiga_azul.png 3509w, https:\/\/nebfeupicbas.pt\/wp-content\/uploads\/2024\/04\/Formiga_azul-212x300.png 212w, https:\/\/nebfeupicbas.pt\/wp-content\/uploads\/2024\/04\/Formiga_azul-700x990.png 700w, https:\/\/nebfeupicbas.pt\/wp-content\/uploads\/2024\/04\/Formiga_azul-768x1086.png 768w, https:\/\/nebfeupicbas.pt\/wp-content\/uploads\/2024\/04\/Formiga_azul-1086x1536.png 1086w, https:\/\/nebfeupicbas.pt\/wp-content\/uploads\/2024\/04\/Formiga_azul-1449x2048.png 1449w\" sizes=\"(max-width: 3509px) 100vw, 3509px\" \/><\/a><\/div><div class=\"obfx-grid-col-content\">\t\t\t<h5 class=\"entry-title obfx-grid-title\">\n\t\t\t\t\t\t\t<a href=\"https:\/\/nebfeupicbas.pt\/?p=3200\" title=\"BioNOW! #79 &#8211; Formigas e achadas\">\n\t\t\t\t\tBioNOW! #79 &#8211; Formigas e achadas\t\t\t\t<\/a>\n\t\t\t\t\t\t\t<\/h5>\n\t\t\t\t\t\t\t<div class=\"entry-meta obfx-grid-meta\">\n\n\t\t\t\t\t\t\t\t\t\t\t\t\t<span class=\"obfx-grid-date\">\n\t\t\t\t\t\t\t\t\t<i class=\"fas fa-calendar\"><\/i>27 de Abril, 2024\t\t\t\t\t\t\t\t<\/span>\n\t\t\t\t\t\t\t\t\n\t\t\t\t<\/div>\n\t\t\t\t<\/div><\/article><\/div><div class=\"obfx-grid-wrapper\"><article class=\"obfx-grid-col\"><div class=\"obfx-grid-col-image\" style=\"\"><a href=\"https:\/\/nebfeupicbas.pt\/?p=3179\" title=\"BioNOW! #78 &#8211; Queres ouvir o som de falar em sil\u00eancio?\"><img loading=\"lazy\" decoding=\"async\" width=\"3368\" height=\"4763\" src=\"https:\/\/nebfeupicbas.pt\/wp-content\/uploads\/2024\/04\/BN78.png\" class=\"img-responsive wp-post-image\" alt=\"BioNow78\" srcset=\"https:\/\/nebfeupicbas.pt\/wp-content\/uploads\/2024\/04\/BN78.png 3368w, https:\/\/nebfeupicbas.pt\/wp-content\/uploads\/2024\/04\/BN78-212x300.png 212w, https:\/\/nebfeupicbas.pt\/wp-content\/uploads\/2024\/04\/BN78-700x990.png 700w, https:\/\/nebfeupicbas.pt\/wp-content\/uploads\/2024\/04\/BN78-768x1086.png 768w, https:\/\/nebfeupicbas.pt\/wp-content\/uploads\/2024\/04\/BN78-1086x1536.png 1086w, https:\/\/nebfeupicbas.pt\/wp-content\/uploads\/2024\/04\/BN78-1448x2048.png 1448w\" sizes=\"(max-width: 3368px) 100vw, 3368px\" \/><\/a><\/div><div class=\"obfx-grid-col-content\">\t\t\t<h5 class=\"entry-title obfx-grid-title\">\n\t\t\t\t\t\t\t<a href=\"https:\/\/nebfeupicbas.pt\/?p=3179\" title=\"BioNOW! #78 &#8211; Queres ouvir o som de falar em sil\u00eancio?\">\n\t\t\t\t\tBioNOW! #78 &#8211; Queres ouvir o som de falar em sil\u00eancio?\t\t\t\t<\/a>\n\t\t\t\t\t\t\t<\/h5>\n\t\t\t\t\t\t\t<div class=\"entry-meta obfx-grid-meta\">\n\n\t\t\t\t\t\t\t\t\t\t\t\t\t<span class=\"obfx-grid-date\">\n\t\t\t\t\t\t\t\t\t<i class=\"fas fa-calendar\"><\/i>7 de Abril, 2024\t\t\t\t\t\t\t\t<\/span>\n\t\t\t\t\t\t\t\t\n\t\t\t\t<\/div>\n\t\t\t\t<\/div><\/article><\/div>\t\t\t\t<div class=\"obfx-grid-pagination\">\n\t\t\t\t\t\t\t\t\t\t<nav class=\"pagination\">\n\t\t\t\t\t\t<span aria-current=\"page\" class=\"page-numbers current\">1<\/span>\n<a class=\"page-numbers\" href=\"https:\/\/nebfeupicbas.pt\/index.php?rest_route=%2Fwp%2Fv2%2Fpages%2F1039&#038;paged=2\">2<\/a>\n<a class=\"page-numbers\" href=\"https:\/\/nebfeupicbas.pt\/index.php?rest_route=%2Fwp%2Fv2%2Fpages%2F1039&#038;paged=3\">3<\/a>\n<a class=\"page-numbers\" href=\"https:\/\/nebfeupicbas.pt\/index.php?rest_route=%2Fwp%2Fv2%2Fpages%2F1039&#038;paged=4\">4<\/a>\n<span class=\"page-numbers dots\">&hellip;<\/span>\n<a class=\"page-numbers\" href=\"https:\/\/nebfeupicbas.pt\/index.php?rest_route=%2Fwp%2Fv2%2Fpages%2F1039&#038;paged=27\">27<\/a>\n<a class=\"next page-numbers\" href=\"https:\/\/nebfeupicbas.pt\/index.php?rest_route=%2Fwp%2Fv2%2Fpages%2F1039&#038;paged=2\">Next<\/a>\t\t\t\t\t<\/nav>\n\t\t\t\t<\/div>\n\t\t\t\t<\/div><!-- .obfx-grid-container --><\/div><!-- .obfx-grid -->\t\t\t\t<\/div>\n\t\t\t\t<\/div>\n\t\t\t\t\t<\/div>\n\t\t<\/div>\n\t\t\t\t\t<\/div>\n\t\t<\/section>\n\t\t\t\t<\/div>\n\t\t","protected":false},"excerpt":{"rendered":"<p>Curioso acerca das mais recentes descobertas cient\u00edficas? Interessado em estudos inovadores e desafios emergentes na \u00e1rea da Bioengenharia? O NEB apresenta-te o BioNOW!&nbsp; Este projeto pretende promover a divulga\u00e7\u00e3o da ci\u00eancia. A cada duas semanas trazemos-te um novo artigo para que possas explorar novos temas cient\u00edficos e atualizar-te acerca das [&hellip;]<\/p>\n","protected":false},"author":1,"featured_media":0,"parent":0,"menu_order":0,"comment_status":"closed","ping_status":"closed","template":"","meta":{"footnotes":""},"class_list":["post-1039","page","type-page","status-publish","hentry"],"_links":{"self":[{"href":"https:\/\/nebfeupicbas.pt\/index.php?rest_route=\/wp\/v2\/pages\/1039","targetHints":{"allow":["GET"]}}],"collection":[{"href":"https:\/\/nebfeupicbas.pt\/index.php?rest_route=\/wp\/v2\/pages"}],"about":[{"href":"https:\/\/nebfeupicbas.pt\/index.php?rest_route=\/wp\/v2\/types\/page"}],"author":[{"embeddable":true,"href":"https:\/\/nebfeupicbas.pt\/index.php?rest_route=\/wp\/v2\/users\/1"}],"replies":[{"embeddable":true,"href":"https:\/\/nebfeupicbas.pt\/index.php?rest_route=%2Fwp%2Fv2%2Fcomments&post=1039"}],"version-history":[{"count":39,"href":"https:\/\/nebfeupicbas.pt\/index.php?rest_route=\/wp\/v2\/pages\/1039\/revisions"}],"predecessor-version":[{"id":2930,"href":"https:\/\/nebfeupicbas.pt\/index.php?rest_route=\/wp\/v2\/pages\/1039\/revisions\/2930"}],"wp:attachment":[{"href":"https:\/\/nebfeupicbas.pt\/index.php?rest_route=%2Fwp%2Fv2%2Fmedia&parent=1039"}],"curies":[{"name":"wp","href":"https:\/\/api.w.org\/{rel}","templated":true}]}}