{"id":128,"date":"2016-11-26T19:33:58","date_gmt":"2016-11-26T19:33:58","guid":{"rendered":"http:\/\/nebfeupicbas.pt\/?page_id=128"},"modified":"2025-12-01T12:23:48","modified_gmt":"2025-12-01T11:23:48","slug":"bioerasmus","status":"publish","type":"page","link":"https:\/\/nebfeupicbas.pt\/?page_id=128","title":{"rendered":"BioErasmus Guide"},"content":{"rendered":"\t\t<div data-elementor-type=\"wp-page\" data-elementor-id=\"128\" class=\"elementor elementor-128\">\n\t\t\t\t\t\t<section class=\"elementor-section elementor-top-section elementor-element elementor-element-42821609 elementor-section-boxed elementor-section-height-default elementor-section-height-default\" data-id=\"42821609\" data-element_type=\"section\">\n\t\t\t\t\t\t<div class=\"elementor-container elementor-column-gap-default\">\n\t\t\t\t\t<div class=\"elementor-column elementor-col-100 elementor-top-column elementor-element elementor-element-6d3024b8\" data-id=\"6d3024b8\" data-element_type=\"column\">\n\t\t\t<div class=\"elementor-widget-wrap elementor-element-populated\">\n\t\t\t\t\t\t<div class=\"elementor-element elementor-element-c73389a elementor-widget elementor-widget-heading\" data-id=\"c73389a\" data-element_type=\"widget\" data-widget_type=\"heading.default\">\n\t\t\t\t<div class=\"elementor-widget-container\">\n\t\t\t\t\t<h2 class=\"elementor-heading-title elementor-size-default\">BioErasmus Guide<\/h2>\t\t\t\t<\/div>\n\t\t\t\t<\/div>\n\t\t\t\t<div class=\"elementor-element elementor-element-388a7a41 elementor-widget elementor-widget-text-editor\" data-id=\"388a7a41\" data-element_type=\"widget\" data-widget_type=\"text-editor.default\">\n\t\t\t\t<div class=\"elementor-widget-container\">\n\t\t\t\t\t\t\t\t\t<p>Enquanto estudantes universit\u00e1rios, ao longo do nosso percurso acad\u00e9mico deparamo-nos com a possibilidade de realizar um programa de mobilidade. A perspetiva de estar noutro pa\u00eds durante um semestre parece entusiasmante, mas tamb\u00e9m pode ser ligeiramente assustadora quando n\u00e3o sabemos o que esperar.<\/p><p>Para te ajudar, o NEB disponibiliza-te as grava\u00e7\u00f5es dos Xperience Erasmus dos anos <strong><em><a href=\"https:\/\/drive.google.com\/file\/d\/1rLamJg4m-zHpQwlMA5OurVKTZvROq9B_\/view?usp=sharing\" target=\"_blank\" rel=\"noopener\">2024<\/a>\u00a0<\/em><\/strong>e <em><strong><a href=\"https:\/\/drive.google.com\/file\/d\/1avRUY3p6mnjWOc7xZXaiAeBEnOCIMSiu\/view?usp=drive_link\" target=\"_blank\" rel=\"noopener\">2025<\/a><\/strong><\/em> e tamb\u00e9m um <strong><em><a href=\"https:\/\/docs.google.com\/document\/d\/13IptezrMpganUch_cq1KAyXS46t29jlb\/edit\" target=\"_blank\" rel=\"noopener\">guia<\/a><\/em><\/strong> com dicas para n\u00e3o te faltar nenhuma assinatura na altura de partires para o teu destino!<\/p><p>Para que tenhas algum apoio na tua decis\u00e3o de ir ou de ficar, trazemos-te tamb\u00e9m a BioErasmus Table. Nesta tabela podes consultar os v\u00e1rios locais onde os estudantes de Bioengenharia j\u00e1 fizeram Erasmus e descobrir mais sobre a sua experi\u00eancia.<\/p>\t\t\t\t\t\t\t\t<\/div>\n\t\t\t\t<\/div>\n\t\t\t\t\t<\/div>\n\t\t<\/div>\n\t\t\t\t\t<\/div>\n\t\t<\/section>\n\t\t\t\t<section class=\"elementor-section elementor-top-section elementor-element elementor-element-efcc98a elementor-section-full_width elementor-section-stretched elementor-section-height-default elementor-section-height-default\" data-id=\"efcc98a\" data-element_type=\"section\" data-settings=\"{&quot;stretch_section&quot;:&quot;section-stretched&quot;}\">\n\t\t\t\t\t\t<div class=\"elementor-container elementor-column-gap-default\">\n\t\t\t\t\t<div class=\"elementor-column elementor-col-100 elementor-top-column elementor-element elementor-element-74e3504\" data-id=\"74e3504\" data-element_type=\"column\">\n\t\t\t<div class=\"elementor-widget-wrap elementor-element-populated\">\n\t\t\t\t\t\t<div class=\"elementor-element elementor-element-911fef7 elementor-widget__width-initial elementor-widget elementor-widget-html\" data-id=\"911fef7\" data-element_type=\"widget\" data-widget_type=\"html.default\">\n\t\t\t\t<div class=\"elementor-widget-container\">\n\t\t\t\t\t<section class=\"erasmus-section\" style=\"padding: 0px 0; background-color: #ffffff;\">\r\n  <div class=\"container\" style=\"max-width: 1200px; margin: auto;\">\r\n\r\n    <!-- Tabela principal -->\r\n    <div style=\"max-width:1100px; margin: 40px auto; text-align:center;\">\r\n      <style>\r\n        \/* ====== ESTILO TABELA ERASMUS ====== *\/\r\n\r\n        \/* Cabe\u00e7alho *\/\r\n        .ninja_table_wrapper th {\r\n          text-align: center !important;\r\n          color: #003366;\r\n          background-color: #f4f6f9;\r\n          font-weight: 600;\r\n          padding: 12px 8px;\r\n          border-bottom: 2px solid #003366;\r\n        }\r\n\r\n        \/* C\u00e9lulas *\/\r\n        .ninja_table_wrapper td {\r\n          text-align: center;\r\n          padding: 10px 6px;\r\n          color: #333;\r\n        }\r\n\r\n        \/* Linhas alternadas *\/\r\n        .ninja_table_wrapper tr:nth-child(even) td {\r\n          background-color: #f9fbfd;\r\n        }\r\n\r\n        \/* Hover *\/\r\n        .ninja_table_wrapper tr:hover td {\r\n          background-color: #e8f2fa;\r\n        }\r\n\r\n        \/* Caixa da tabela *\/\r\n        .ninja_table_wrapper {\r\n          box-shadow: 0 3px 8px rgba(0,0,0,0.08);\r\n          border-radius: 8px;\r\n          overflow: hidden;\r\n        }\r\n\r\n        \/* Barra de pesquisa *\/\r\n        .ninja_table_wrapper .ninja_table_search_bar input {\r\n          border: 1px solid #ccc;\r\n          border-radius: 6px;\r\n          padding: 6px 10px;\r\n        }\r\n\r\n        \/* Texto pequeno de rodap\u00e9 *\/\r\n        .erasmus-footer-note {\r\n          text-align:center; \r\n          margin-top:40px; \r\n          color:#777; \r\n          font-size:0.9em;\r\n          max-width:800px; \r\n          margin-left:auto; \r\n          margin-right:auto;\r\n        }\r\n\r\n        \/* ===== RESPONSIVO ===== *\/\r\n        @media (max-width: 768px) {\r\n          .ninja_table_wrapper th, .ninja_table_wrapper td {\r\n            font-size: 0.9em;\r\n            padding: 8px 4px;\r\n          }\r\n        }\r\n      <\/style>\r\n\r\n      <div id=\"footable_parent_3459\"\n         class=\" footable_parent ninja_table_wrapper loading_ninja_table wp_table_data_press_parent bootstrap4 \">\n                <table data-ninja_table_instance=\"ninja_table_instance_0\" data-footable_id=\"3459\" data-filter-delay=\"1000\" aria-label=\"data_v2.csv\"            id=\"footable_3459\"\n           data-unique_identifier=\"ninja_table_unique_id_2987138123_3459\"\n           class=\" foo-table ninja_footable foo_table_3459 ninja_table_unique_id_2987138123_3459 table  ninja_search_right nt_type_ajax_table table-striped vertical_centered  footable-paging-right\">\n                <colgroup>\n                            <col class=\"ninja_column_0 \">\n                            <col class=\"ninja_column_1 \">\n                            <col class=\"ninja_column_2 \">\n                            <col class=\"ninja_column_3 \">\n                            <col class=\"ninja_column_4 \">\n                            <col class=\"ninja_column_5 \">\n                            <col class=\"ninja_column_6 \">\n                            <col class=\"ninja_column_7 \">\n                    <\/colgroup>\n            <\/table>\n    \n    \n    \n<\/div>\n\r\n    <\/div>\r\n    \r\n    <!-- Texto de rodap\u00e9 -->\r\n    <p class=\"erasmus-footer-note\">\r\n      *A informa\u00e7\u00e3o apresentada baseia-se em testemunhos submetidos por estudantes que participaram no programa Erasmus+.\r\n      Os dados refletem experi\u00eancias reais e podem variar consoante o destino e o ano de mobilidade.*\r\n    <\/p>\r\n    \r\n    <style>\r\n      \/* ===== FOOTER ERASMUS (centrado garantido) ===== *\/\r\n      .erasmus-footer-note {\r\n        display: block !important;\r\n        text-align: center !important;\r\n        width: 100% !important;\r\n        max-width: 800px !important;\r\n        margin: 40px auto 0 auto !important;\r\n        color: #777 !important;\r\n        font-size: 0.9em !important;\r\n        line-height: 1.6 !important;\r\n        padding: 0 10px !important;\r\n      }\r\n    \r\n      \/* Opcional: margem adicional acima se a tabela colar *\/\r\n      .erasmus-section .ninja_table_wrapper {\r\n        margin-bottom: 30px !important;\r\n      }\r\n    <\/style>\r\n\r\n\r\n  <\/div>\r\n<\/section>\r\n\t\t\t\t<\/div>\n\t\t\t\t<\/div>\n\t\t\t\t\t<\/div>\n\t\t<\/div>\n\t\t\t\t\t<\/div>\n\t\t<\/section>\n\t\t\t\t<\/div>\n\t\t","protected":false},"excerpt":{"rendered":"<p>BioErasmus Guide Enquanto estudantes universit\u00e1rios, ao longo do nosso percurso acad\u00e9mico deparamo-nos com a possibilidade de realizar um programa de mobilidade. A perspetiva de estar noutro pa\u00eds durante um semestre parece entusiasmante, mas tamb\u00e9m pode ser ligeiramente assustadora quando n\u00e3o sabemos o que esperar. Para te ajudar, o NEB disponibiliza-te [&hellip;]<\/p>\n","protected":false},"author":1,"featured_media":0,"parent":0,"menu_order":0,"comment_status":"closed","ping_status":"closed","template":"","meta":{"footnotes":""},"class_list":["post-128","page","type-page","status-publish","hentry"],"_links":{"self":[{"href":"https:\/\/nebfeupicbas.pt\/index.php?rest_route=\/wp\/v2\/pages\/128","targetHints":{"allow":["GET"]}}],"collection":[{"href":"https:\/\/nebfeupicbas.pt\/index.php?rest_route=\/wp\/v2\/pages"}],"about":[{"href":"https:\/\/nebfeupicbas.pt\/index.php?rest_route=\/wp\/v2\/types\/page"}],"author":[{"embeddable":true,"href":"https:\/\/nebfeupicbas.pt\/index.php?rest_route=\/wp\/v2\/users\/1"}],"replies":[{"embeddable":true,"href":"https:\/\/nebfeupicbas.pt\/index.php?rest_route=%2Fwp%2Fv2%2Fcomments&post=128"}],"version-history":[{"count":39,"href":"https:\/\/nebfeupicbas.pt\/index.php?rest_route=\/wp\/v2\/pages\/128\/revisions"}],"predecessor-version":[{"id":3483,"href":"https:\/\/nebfeupicbas.pt\/index.php?rest_route=\/wp\/v2\/pages\/128\/revisions\/3483"}],"wp:attachment":[{"href":"https:\/\/nebfeupicbas.pt\/index.php?rest_route=%2Fwp%2Fv2%2Fmedia&parent=128"}],"curies":[{"name":"wp","href":"https:\/\/api.w.org\/{rel}","templated":true}]}}