{"id":2354,"date":"2022-02-14T14:02:24","date_gmt":"2022-02-14T14:02:24","guid":{"rendered":"https:\/\/nebfeupicbas.pt\/?page_id=2354"},"modified":"2024-12-17T23:50:13","modified_gmt":"2024-12-17T23:50:13","slug":"banco-de-estagios","status":"publish","type":"page","link":"https:\/\/nebfeupicbas.pt\/?page_id=2354","title":{"rendered":"Banco de Est\u00e1gios"},"content":{"rendered":"\t\t<div data-elementor-type=\"wp-page\" data-elementor-id=\"2354\" class=\"elementor elementor-2354\">\n\t\t\t\t\t\t<section class=\"elementor-section elementor-top-section elementor-element elementor-element-49c2a9e elementor-section-boxed elementor-section-height-default elementor-section-height-default\" data-id=\"49c2a9e\" data-element_type=\"section\">\n\t\t\t\t\t\t<div class=\"elementor-container elementor-column-gap-default\">\n\t\t\t\t\t<div class=\"elementor-column elementor-col-100 elementor-top-column elementor-element elementor-element-d87865d\" data-id=\"d87865d\" data-element_type=\"column\">\n\t\t\t<div class=\"elementor-widget-wrap elementor-element-populated\">\n\t\t\t\t\t\t<div class=\"elementor-element elementor-element-54d08c0 elementor-widget elementor-widget-spacer\" data-id=\"54d08c0\" data-element_type=\"widget\" data-widget_type=\"spacer.default\">\n\t\t\t\t<div class=\"elementor-widget-container\">\n\t\t\t\t\t\t\t<div class=\"elementor-spacer\">\n\t\t\t<div class=\"elementor-spacer-inner\"><\/div>\n\t\t<\/div>\n\t\t\t\t\t\t<\/div>\n\t\t\t\t<\/div>\n\t\t\t\t<div class=\"elementor-element elementor-element-89585f3 elementor-widget elementor-widget-heading\" data-id=\"89585f3\" data-element_type=\"widget\" data-widget_type=\"heading.default\">\n\t\t\t\t<div class=\"elementor-widget-container\">\n\t\t\t\t\t<h2 class=\"elementor-heading-title elementor-size-default\">Banco de Est\u00e1gios 2024\/2025<\/h2>\t\t\t\t<\/div>\n\t\t\t\t<\/div>\n\t\t\t\t<div class=\"elementor-element elementor-element-205d7ab elementor-widget elementor-widget-text-editor\" data-id=\"205d7ab\" data-element_type=\"widget\" data-widget_type=\"text-editor.default\">\n\t\t\t\t<div class=\"elementor-widget-container\">\n\t\t\t\t\t\t\t\t\t<p>Os est\u00e1gios sempre se pautaram por serem uma porta de entrada para o mercado de trabalho, por isso arranca mais uma vez o Banco de Est\u00e1gios do NEB e da AEICBAS!<\/p>\n<p>Com o nosso Banco de Est\u00e1gios poder\u00e1s escolher a \u00e1rea que mais chama por ti, de modo a que esta experi\u00eancia em ambiente empresarial ou de investiga\u00e7\u00e3o se aproxime o quanto mais de uma futura realidade!<\/p>\n<p>Antes de te candidatares, n\u00e3o te esque\u00e7as de consultar o <a href=\"https:\/\/drive.google.com\/file\/d\/1e7sxWQyLVcio5sc4i07CGvCDy2P2RKdy\/view?usp=sharing\" target=\"_blank\" rel=\"noopener\">Guia de Candidatura<\/a> e o <a href=\"https:\/\/drive.google.com\/file\/d\/1uyOIxMnIh4Ac22ryB0uFZsNTDorDYxbh\/view?usp=sharing\" target=\"_blank\" rel=\"noopener\">Regulamento<\/a>.<\/p>\t\t\t\t\t\t\t\t<\/div>\n\t\t\t\t<\/div>\n\t\t\t\t<div class=\"elementor-element elementor-element-bc4c88d elementor-widget elementor-widget-eael-advanced-data-table\" data-id=\"bc4c88d\" data-element_type=\"widget\" data-widget_type=\"eael-advanced-data-table.default\">\n\t\t\t\t<div class=\"elementor-widget-container\">\n\t\t\t\t\t<div class=\"ea-advanced-data-table-wrap\" data-id=\"bc4c88d\"><div class=\"ea-advanced-data-table-search-wrap ea-advanced-data-table-search-left\"><input type=\"search\" placeholder=\"Pesquisar\" class=\"ea-advanced-data-table-search\"><\/div><div class=\"ea-advanced-data-table-wrap-inner\">\n                <table class=\"ea-advanced-data-table ea-advanced-data-table-ninja ea-advanced-data-table-bc4c88d ea-advanced-data-table-sortable ea-advanced-data-table-searchable\" data-id=\"bc4c88d\"><thead><tr><th style=\"width:\">Centro\/Empresa<\/th><th style=\"width:\">T\u00edtulo<\/th><th style=\"width:152px\">Orientador<\/th><th style=\"width:54px\">Contacto<\/th><th style=\"width:\">Ramo<\/th><th style=\"width:\">Mais Informa\u00e7\u00f5es<\/th><\/tr><\/thead><tbody><tr><td>FCUP<\/td><td>Identifica\u00e7\u00e3o de biomarcadores serol\u00f3gicos em doen\u00e7as de sobrecarga de ferro (hemocromatose heredit\u00e1ria)<\/td><td>Andr\u00e9 Silva<\/td><td>andre.silva@fc.up.pt<\/td><td>Bioengenharia Molecular<\/td><td><a href=\"https:\/\/drive.google.com\/file\/d\/1ycmRdl2B8dPiZsgcv-08Pa9cWT3mJdV8\/view?usp=sharing\" class=\"button\" target=\"\">Saber mais<\/a><\/td><\/tr><tr><td>CIETI-LabRISE<\/td><td>Novos sensores \u00f3ticos para diagn\u00f3stico<\/td><td>Ana Margarida Piloto Cerqueira<\/td><td>amlpc@isep.ipp.pt<\/td><td>Biom\u00e9dica e Bioengenharia<\/td><td><a href=\"https:\/\/drive.google.com\/file\/d\/1dJAx1yR6fjXCRWBqzKbRW1aDCIhL2E_I\/view?usp=sharing\" class=\"button\" target=\"\">Saber mais<\/a><\/td><\/tr><tr><td>FCUP<\/td><td>Valoriza\u00e7\u00e3o de subprodutos agroalimentares portugueses para o desenvolvimento de antimicrobianos polifen\u00f3licos: uma abordagem sustent\u00e1vel<\/td><td>Raquel Nunes da Silva<\/td><td>raq.silva@fc.up.pt<\/td><td>Biol\u00f3gica<\/td><td><a href=\"https:\/\/docs.google.com\/document\/d\/1mRJdAuEnEWu94wG1Yl74xqRhBWfDSUsA\/edit?usp=sharing&#038;ouid=111965964018181767901&#038;rtpof=true&#038;sd=true\" class=\"button\" target=\"\">Saber mais<\/a><\/td><\/tr><tr><td>Citeve<\/td><td>Reciclagem Qu\u00edmica de Res\u00edduos T\u00eaxteis: m\u00e9todos sustent\u00e1veis de pr\u00e9-processamento e dissolu\u00e7\u00e3o<\/td><td>Joana Gomes<\/td><td>jmgomes@citeve.pt<\/td><td>Biol\u00f3gica<\/td><td><a href=\"https:\/\/docs.google.com\/document\/d\/1BxJU7qhP2gSUIIxoi0JKWj9H1bFdF4No\/edit?usp=sharing&#038;ouid=111965964018181767901&#038;rtpof=true&#038;sd=true\" class=\"button\" target=\"\">Saber mais<\/a><\/td><\/tr><tr><td>Cintesis<\/td><td>Identifica\u00e7\u00e3o de grupos naturais em pacientes com DPOC usando m\u00e9todos de classifica\u00e7\u00e3o n\u00e3o supervisionada<\/td><td>Lu\u00edsa Castro e Andreia Teixeira<\/td><td>luisacastro@icbas.up.pt<\/td><td>Biom\u00e9dica <\/td><td><a href=\"https:\/\/drive.google.com\/file\/d\/1qwjNkEmM7BYhFyREdxuFH8ssXhddjKt4\/view?usp=sharing\" class=\"button\" target=\"\">Saber mais<\/a><\/td><\/tr><tr><td>Cintesis<\/td><td>An\u00e1lise avan\u00e7ada de dados na anticoagula\u00e7\u00e3o para fibrila\u00e7\u00e3o atrial: aplica\u00e7\u00e3o de t\u00e9cnicas de an\u00e1lise discriminante em dados do mundo real<\/td><td>Lu\u00edsa Castro e Andreia Teixeira<\/td><td>andreiasofiat@med.up.pt<\/td><td>Biom\u00e9dica <\/td><td><a href=\"https:\/\/drive.google.com\/file\/d\/1a6KB1s4hYpY2093ji5oNrujYiqOWMC14\/view?usp=sharing\" class=\"button\" target=\"\">Saber mais<\/a><\/td><\/tr><tr><td>CIETI-LabRISE<\/td><td>Sensores de ADN baseados em nanomateriais para avalia\u00e7\u00e3o da resist\u00eancia antimicrobiana<\/td><td>Joana Guerreiro<\/td><td>jrg@isep.ipp.pt<\/td><td>Biom\u00e9dica e Bioengenharia Molecular<\/td><td><a href=\"https:\/\/drive.google.com\/file\/d\/1NSRKCcKszjKHu4vJ8HTPhlj1jdOqncr3\/view?usp=sharing\" class=\"button\" target=\"\">Saber mais<\/a><\/td><\/tr><tr><td>CIETI-LabRISE<\/td><td>Dispositivo em Microflu\u00eddica para a dete\u00e7\u00e3o do biomarcador CA 15-3, associado ao Cancro da Mama<\/td><td>Rui Gomes<\/td><td>jrg@isep.ipp.pt<\/td><td>Biom\u00e9dica e Bioengenharia<\/td><td><a href=\"https:\/\/drive.google.com\/file\/d\/1wagh084deASqyrtg3BwkP0YLvh5diMin\/view?usp=sharing\" class=\"button\" target=\"\">Saber mais<\/a><\/td><\/tr><tr><td>CIETI-LabRISE<\/td><td>Desenvolvimento de plataformas (eletroqu\u00edmicas) sensoriais \u00e0 base de nanoenziamas para dete\u00e7\u00e3o de lactato<\/td><td>Gabriela Ferreira de Vasconcelos Martins<\/td><td>jrg@isep.ipp.pt<\/td><td>Biom\u00e9dica e Bioengenharia<\/td><td><a href=\"https:\/\/drive.google.com\/file\/d\/15k5LCDC9DNsG5ajMQ-Mq8muvhjriYK-3\/view?usp=sharing\" class=\"button\" target=\"\">Saber mais<\/a><\/td><\/tr><tr><td>i3s<\/td><td>Making tissues robust by self-recovery of epithelial organisation<\/td><td>Eurico Morais de S\u00e1<\/td><td>eurico.sa@i3s.up.pt<\/td><td>Bioengenharia Molecular<\/td><td><a href=\"https:\/\/drive.google.com\/file\/d\/1JTMNOPUz1HjEN-_fWEIe7FD73-ReDiTm\/view?usp=sharing\" class=\"button\" target=\"\">Saber mais<\/a><\/td><\/tr><tr><td>i3s<\/td><td>Uncovering regulators of actomyosin contraction during collective cell migration<\/td><td>Eurico Morais de S\u00e1<\/td><td>eurico.sa@i3s.up.pt<\/td><td>Bioengenharia Molecular<\/td><td><a href=\"https:\/\/drive.google.com\/file\/d\/168eEOY-lo8vv6iFi_Hmmg-LRr9qi1bbF\/view?usp=sharing\" class=\"button\" target=\"\">Saber mais<\/a><\/td><\/tr><tr><td>CTCOR<\/td><td>Dossier Acredita\u00e7\u00e3o \u2013 Descri\u00e7\u00e3o flex\u00edvel interm\u00e9dia<\/td><td>Filipa Sistelo<\/td><td>fsistelo@ctcor.com<\/td><td>Biol\u00f3gica<\/td><td><a href=\"https:\/\/drive.google.com\/file\/d\/1pBgva3CSaAPhe583_74IKrRwhnahQEi4\/view?usp=sharing\" class=\"button\" target=\"\">Saber mais<\/a><\/td><\/tr><tr><td>i3s\/IBMC<\/td><td>Redesenho de scaffolds de sgRNAs para a otimiza\u00e7\u00e3o de aplica\u00e7\u00f5es de CRISPR(i) multiplex na cianobact\u00e9ria modelo Synechocystis sp. PCC 6803<\/td><td>Filipe Pinto e Paula Tamagnini<\/td><td>fvpinto@i3s.up.pt<\/td><td>Bioengenharia Molecular<\/td><td><a href=\"https:\/\/docs.google.com\/document\/d\/18OgQwZvJSbZqXcMuR3b-A9Al0k-QPSw8\/edit?usp=sharing&#038;ouid=111965964018181767901&#038;rtpof=true&#038;sd=true\" class=\"button\" target=\"\">Saber mais<\/a><\/td><\/tr><tr><td>Centro de Engenharia Biol\u00f3gica \u2013 Universidade do Minho<\/td><td>Bioproduction of curcumin by engineered Saccharomyces cerevisiae<\/td><td>Joana Rodrigues<\/td><td>joanarodrigues@deb.uminho.pt<\/td><td>Biol\u00f3gica<\/td><td><a href=\"https:\/\/drive.google.com\/file\/d\/1IwlP0pOFQf-wk-qAn7pGDZR3NijfNRU6\/view?usp=sharing\" class=\"button\" target=\"\">Saber mais<\/a><\/td><\/tr><tr><td>Centro de Engenharia Biol\u00f3gica \u2013 Universidade do Minho<\/td><td>Synthetic biology strategies to boost the industrial production of the acrylic acid by Escherichia coli<\/td><td>Joana Rodrigues<\/td><td>joanarodrigues@deb.uminho.pt<\/td><td>Biol\u00f3gica<\/td><td><a href=\"https:\/\/drive.google.com\/file\/d\/1IwlP0pOFQf-wk-qAn7pGDZR3NijfNRU6\/view?usp=sharing\" class=\"button\" target=\"\">Saber mais<\/a><\/td><\/tr><tr><td>LEPABE<\/td><td>Estudos de porosidade de biofilmes<\/td><td>Ana Alexandra Pereira<\/td><td>aalex@fe.up.pt<\/td><td>Biol\u00f3gica<\/td><td><a href=\"https:\/\/drive.google.com\/file\/d\/1orlo-_95or18FItqc8u9Gnhf9Qbj1Fgq\/view?usp=sharing\" class=\"button\" target=\"\">Saber mais<\/a><\/td><\/tr><\/tbody><\/table>\n            <\/div><\/div>\t\t\t\t<\/div>\n\t\t\t\t<\/div>\n\t\t\t\t\t<\/div>\n\t\t<\/div>\n\t\t\t\t\t<\/div>\n\t\t<\/section>\n\t\t\t\t<\/div>\n\t\t","protected":false},"excerpt":{"rendered":"<p>Banco de Est\u00e1gios 2024\/2025 Os est\u00e1gios sempre se pautaram por serem uma porta de entrada para o mercado de trabalho, por isso arranca mais uma vez o Banco de Est\u00e1gios do NEB e da AEICBAS! Com o nosso Banco de Est\u00e1gios poder\u00e1s escolher a \u00e1rea que mais chama por ti, [&hellip;]<\/p>\n","protected":false},"author":1,"featured_media":0,"parent":0,"menu_order":0,"comment_status":"closed","ping_status":"closed","template":"page-templates\/template-pagebuilder-full-width.php","meta":{"footnotes":""},"class_list":["post-2354","page","type-page","status-publish","hentry"],"_links":{"self":[{"href":"https:\/\/nebfeupicbas.pt\/index.php?rest_route=\/wp\/v2\/pages\/2354","targetHints":{"allow":["GET"]}}],"collection":[{"href":"https:\/\/nebfeupicbas.pt\/index.php?rest_route=\/wp\/v2\/pages"}],"about":[{"href":"https:\/\/nebfeupicbas.pt\/index.php?rest_route=\/wp\/v2\/types\/page"}],"author":[{"embeddable":true,"href":"https:\/\/nebfeupicbas.pt\/index.php?rest_route=\/wp\/v2\/users\/1"}],"replies":[{"embeddable":true,"href":"https:\/\/nebfeupicbas.pt\/index.php?rest_route=%2Fwp%2Fv2%2Fcomments&post=2354"}],"version-history":[{"count":85,"href":"https:\/\/nebfeupicbas.pt\/index.php?rest_route=\/wp\/v2\/pages\/2354\/revisions"}],"predecessor-version":[{"id":3353,"href":"https:\/\/nebfeupicbas.pt\/index.php?rest_route=\/wp\/v2\/pages\/2354\/revisions\/3353"}],"wp:attachment":[{"href":"https:\/\/nebfeupicbas.pt\/index.php?rest_route=%2Fwp%2Fv2%2Fmedia&parent=2354"}],"curies":[{"name":"wp","href":"https:\/\/api.w.org\/{rel}","templated":true}]}}