{"id":431,"date":"2017-11-05T17:27:38","date_gmt":"2017-11-05T17:27:38","guid":{"rendered":"http:\/\/nebfeupicbas.pt\/?page_id=431"},"modified":"2017-11-29T12:43:52","modified_gmt":"2017-11-29T12:43:52","slug":"estatisticas","status":"publish","type":"page","link":"https:\/\/nebfeupicbas.pt\/?page_id=431","title":{"rendered":"Estat\u00edsticas"},"content":{"rendered":"<p>Poder\u00e1s consultar nesta p\u00e1gina todas as estat\u00edsticas relativas aos question\u00e1rios de satisfa\u00e7\u00e3o dos s\u00f3cios, realizados pelo NEB no final dos anos lectivos.<\/p>\n<p><strong>Ano Lectivo 2016\/2017<\/strong><\/p>\n<p><iframe src=\"https:\/\/www.slideshare.net\/slideshow\/embed_code\/key\/uz4bVEcy3oRqJA\" width=\"427\" height=\"356\" frameborder=\"0\" marginwidth=\"0\" marginheight=\"0\" scrolling=\"no\" style=\"border:1px solid #CCC; border-width:1px; margin-bottom:5px; max-width: 100%;\" allowfullscreen> <\/iframe> <\/p>\n<div style=\"margin-bottom:5px\"> <strong> <a href=\"https:\/\/www.slideshare.net\/secret\/uz4bVEcy3oRqJA\" title=\"Question\u00e1rios de Performance do NEB\" target=\"_blank\">Question\u00e1rios de Performance do NEB<\/a> <\/strong> de <strong><a href=\"https:\/\/www.slideshare.net\/NEB_FEUP_ICBAS\" target=\"_blank\">NEB-FEUP\/ICBAS<\/a><\/strong> <\/div>\n<p>&nbsp;<\/p>\n<p><iframe src=\"https:\/\/www.slideshare.net\/slideshow\/embed_code\/key\/lpyJrxLLFfvVrX\" width=\"427\" height=\"356\" frameborder=\"0\" marginwidth=\"0\" marginheight=\"0\" scrolling=\"no\" style=\"border:1px solid #CCC; border-width:1px; margin-bottom:5px; max-width: 100%;\" allowfullscreen> <\/iframe> <\/p>\n<div style=\"margin-bottom:5px\"> <strong> <a href=\"https:\/\/www.slideshare.net\/secret\/lpyJrxLLFfvVrX\" title=\"Teses (An\u00e1lise do NEB)\" target=\"_blank\">Teses (An\u00e1lise do NEB)<\/a> <\/strong> de <strong><a href=\"https:\/\/www.slideshare.net\/NEB_FEUP_ICBAS\" target=\"_blank\">NEB-FEUP\/ICBAS<\/a><\/strong> <\/div>\n","protected":false},"excerpt":{"rendered":"<p>Poder\u00e1s consultar nesta p\u00e1gina todas as estat\u00edsticas relativas aos question\u00e1rios de satisfa\u00e7\u00e3o dos s\u00f3cios, realizados pelo NEB no final dos anos lectivos. Ano Lectivo 2016\/2017 Question\u00e1rios de Performance do NEB de NEB-FEUP\/ICBAS &nbsp; Teses (An\u00e1lise do NEB) de NEB-FEUP\/ICBAS<\/p>\n","protected":false},"author":1,"featured_media":0,"parent":0,"menu_order":0,"comment_status":"closed","ping_status":"closed","template":"","meta":{"footnotes":""},"class_list":["post-431","page","type-page","status-publish","hentry"],"_links":{"self":[{"href":"https:\/\/nebfeupicbas.pt\/index.php?rest_route=\/wp\/v2\/pages\/431","targetHints":{"allow":["GET"]}}],"collection":[{"href":"https:\/\/nebfeupicbas.pt\/index.php?rest_route=\/wp\/v2\/pages"}],"about":[{"href":"https:\/\/nebfeupicbas.pt\/index.php?rest_route=\/wp\/v2\/types\/page"}],"author":[{"embeddable":true,"href":"https:\/\/nebfeupicbas.pt\/index.php?rest_route=\/wp\/v2\/users\/1"}],"replies":[{"embeddable":true,"href":"https:\/\/nebfeupicbas.pt\/index.php?rest_route=%2Fwp%2Fv2%2Fcomments&post=431"}],"version-history":[{"count":7,"href":"https:\/\/nebfeupicbas.pt\/index.php?rest_route=\/wp\/v2\/pages\/431\/revisions"}],"predecessor-version":[{"id":3261,"href":"https:\/\/nebfeupicbas.pt\/index.php?rest_route=\/wp\/v2\/pages\/431\/revisions\/3261"}],"wp:attachment":[{"href":"https:\/\/nebfeupicbas.pt\/index.php?rest_route=%2Fwp%2Fv2%2Fmedia&parent=431"}],"curies":[{"name":"wp","href":"https:\/\/api.w.org\/{rel}","templated":true}]}}